{"id":2908,"date":"2026-02-16T21:47:53","date_gmt":"2026-02-16T21:47:53","guid":{"rendered":"https:\/\/assistyu.com\/?page_id=2908"},"modified":"2026-04-16T20:33:55","modified_gmt":"2026-04-16T20:33:55","slug":"consentement","status":"publish","type":"page","link":"https:\/\/assistyu.com\/fr\/consent\/","title":{"rendered":"Accord de consentement"},"content":{"rendered":"<div data-elementor-type=\"wp-page\" data-elementor-id=\"2908\" class=\"elementor elementor-2908\" data-elementor-post-type=\"page\">\n\t\t\t\t<div class=\"elementor-element elementor-element-e1e8abd e-con-full e-flex e-con e-parent\" data-id=\"e1e8abd\" data-element_type=\"container\" data-e-type=\"container\" data-settings=\"{&quot;background_background&quot;:&quot;classic&quot;}\">\n\t\t\t\t<div class=\"elementor-element elementor-element-25e3d47 elementor-widget elementor-widget-heading\" data-id=\"25e3d47\" data-element_type=\"widget\" data-e-type=\"widget\" data-widget_type=\"heading.default\">\n\t\t\t\t\t<h1 class=\"elementor-heading-title elementor-size-default\">Accord d\u2019initiation et de consentement client<\/h1>\t\t\t\t<\/div>\n\t\t\t\t<\/div>\n\t\t<div class=\"elementor-element elementor-element-f2b8854 e-con-full e-flex e-con e-parent\" data-id=\"f2b8854\" data-element_type=\"container\" data-e-type=\"container\">\n\t\t<div class=\"elementor-element elementor-element-9add81b e-con-full e-flex e-con e-child\" data-id=\"9add81b\" data-element_type=\"container\" data-e-type=\"container\" data-settings=\"{&quot;background_background&quot;:&quot;classic&quot;}\">\n\t\t\t\t<div class=\"elementor-element elementor-element-108a115 fluent-form-widget-step-header-yes fluent-form-widget-step-progressbar-yes fluentform-widget-submit-button-custom elementor-widget elementor-widget-fluent-form-widget\" data-id=\"108a115\" data-element_type=\"widget\" data-e-type=\"widget\" data-widget_type=\"fluent-form-widget.default\">\n\t\t\t\t<div class=\"elementor-widget-container\">\n\t\t\t\t\t\n            <div class=\"fluentform-widget-wrapper fluentform-widget-align-default\">\n\n            \n            <div class='fluentform ff-default fluentform_wrapper_4 ffs_default_wrap'><form data-form_id=\"4\" id=\"fluentform_4\" class=\"frm-fluent-form fluent_form_4 ff-el-form-top ff_form_instance_4_1 ff-form-loading ffs_default\" data-form_instance=\"ff_form_instance_4_1\" method=\"POST\" action=\"\" ><fieldset  style=\"border: none!important;margin: 0!important;padding: 0!important;background-color: transparent!important;box-shadow: none!important;outline: none!important; min-inline-size: 100%;\">\n                    <legend class=\"ff_screen_reader_title\" style=\"display: block; margin: 0!important;padding: 0!important;height: 0!important;text-indent: -999999px;width: 0!important;overflow:hidden;\">Consentement<\/legend><input type='hidden' name='__fluent_form_embded_post_id' value='2908' \/><input type=\"hidden\" id=\"_fluentform_4_fluentformnonce\" name=\"_fluentform_4_fluentformnonce\" value=\"614f33272d\" \/><input type=\"hidden\" name=\"_wp_http_referer\" value=\"\/fr\/wp-json\/wp\/v2\/pages\/2908\" \/><div data-name=\"ff_cn_id_1\"  class='ff-t-container ff-column-container ff_columns_total_2'><div class='ff-t-cell ff-t-column-1' style='flex-basis: 49.09%;'><div class='ff-el-group'><div class=\"ff-el-input--label ff-el-is-required asterisk-right\"><label for='ff_4_input_text' id='label_ff_4_input_text' aria-label=\"Nom complet\">Nom complet <\/label><\/div><div class='ff-el-input--content'><input type=\"text\" name=\"input_text\" class=\"ff-el-form-control\" data-name=\"input_text\" id=\"ff_4_input_text\"  aria-invalid=\"false\" aria-required=\"true\"><\/div><\/div><\/div><div class='ff-t-cell ff-t-column-2' style='flex-basis: 50.91%;'><div class='ff-el-group'><div class=\"ff-el-input--label ff-el-is-required asterisk-right\"><label for='ff_4_input_text_1' id='label_ff_4_input_text_1' aria-label=\"Num\u00e9ro de t\u00e9l\u00e9phone\">Num\u00e9ro de t\u00e9l\u00e9phone<\/label><\/div><div class='ff-el-input--content'><input type=\"text\" name=\"input_text_1\" class=\"ff-el-form-control\" data-name=\"input_text_1\" id=\"ff_4_input_text_1\"  aria-invalid=\"false\" aria-required=\"true\"><\/div><\/div><\/div><\/div><div data-name=\"ff_cn_id_2\"  class='ff-t-container ff-column-container ff_columns_total_2'><div class='ff-t-cell ff-t-column-1' style='flex-basis: 50%;'><div class='ff-el-group'><div class=\"ff-el-input--label ff-el-is-required asterisk-right\"><label for='ff_4_email' id='label_ff_4_email' aria-label=\"Adresse e-mail\">Adresse e-mail<\/label><\/div><div class='ff-el-input--content'><input type=\"email\" name=\"email\" id=\"ff_4_email\" class=\"ff-el-form-control\" data-name=\"email\"  aria-invalid=\"false\" aria-required=\"true\"><\/div><\/div><\/div><div class='ff-t-cell ff-t-column-2' style='flex-basis: 50%;'><div class='ff-el-group'><div class=\"ff-el-input--label ff-el-is-required asterisk-right\"><label for='ff_4_datetime' id='label_ff_4_datetime' aria-label=\"Date\">Date<\/label><\/div><div class='ff-el-input--content'><input  aria-label='Date Use arrow keys to navigate dates. Press enter to select a date.'  aria-haspopup='dialog' data-type-datepicker data-format='d\/m\/Y' type=\"text\" name=\"datetime\" id=\"ff_4_datetime\" class=\"ff-el-form-control ff-el-datepicker\" placeholder=\"jj\/mm\/aaaa\" data-name=\"datetime\"  aria-invalid='false' aria-required=\"true\"><\/div><\/div><\/div><\/div><div class='ff-el-group  ff-custom_html' tabindex='-1' data-name=\"custom_html-4_1\" ><section class=\"info-note-section\">\n    <div class=\"info-note-box\">\n        <div class=\"info-icon\">\n            <i class=\"fas fa-info-circle\"><\/i>\n        <\/div>\n        <div class=\"info-text\">\n            <p>\n                Ce document confirme qu\u2019en soumettant mes informations de contact, j\u2019ai initi\u00e9 une communication avec \n                <strong>Estrategias de Marketing LE Paradise S.L. (AssistYu)<\/strong> \u00e0 compter d\u2019aujourd\u2019hui. En tant que contact ou client potentiel, je reconnais avoir entrepris une d\u00e9marche proactive pour obtenir des informations sur \n                <strong>Estrategias de Marketing LE Paradise S.L.'s (AssistYu)<\/strong> les logiciels et services. Je consens \u00e0 recevoir des communications suppl\u00e9mentaires concernant leurs offres.\n            <\/p>\n        <\/div>\n    <\/div>\n<\/section>\n\n<style>\n.info-note-section {\n    margin: 30px 0;\n}\n\n.info-note-box {\n    display: flex;\n    align-items: flex-start;\n    gap: 15px;\n    background: #e9f5ff;\n    border-left: 5px solid #3da5ff;\n    padding: 18px 20px;\n    border-radius: 8px;\n    font-family: Arial, sans-serif;\n}\n\n.info-icon {\n    font-size: 26px;\n    color: #3da5ff;\n    margin-top: 2px;\n}\n\n.info-text p {\n    margin: 0;\n    font-size: 15px;\n    color: #2b2b2b;\n    line-height: 1.6;\n}\n<\/style>\n\n<!-- Font Awesome (only include if not already loaded on your site) -->\n<\/div><div class='ff-el-group parraph2 ff_list_inline'><div class=\"ff-el-input--label asterisk-right\"><label   aria-label=\"Consentement pour recevoir des services et offres :\">Consentement pour recevoir des services et offres :<\/label><\/div><div class='ff-el-input--content'><div class='ff-el-form-check ff-el-form-check-'><label class='ff-el-form-check-label' for='checkbox_ed888f35fdce4166ed96fc302b3a19bb'><input  type=\"checkbox\" name=\"checkbox[]\" data-name=\"checkbox\" class=\"ff-el-form-check-input ff-el-form-check-checkbox\" value=\"By checking this box, I affirm that my contact details are accurate, and I voluntarily consent for Estrategias de Marketing LE Paradise S.L. (AssitYou) to send me information about their services and products. I understand that this consent allows Estrategias de Marketing LE Paradise S.L. (AssitYou) to contact me via email, phone calls, or text messages as applicable.\"  id='checkbox_ed888f35fdce4166ed96fc302b3a19bb' aria-label='En cochant cette case, je confirme que mes coordonn\u00e9es sont exactes et je consens volontairement \u00e0 ce que Estrategias de Marketing LE Paradise S.L. (AssitYou) m\u2019envoie des informations sur ses services et produits. Je comprends que ce consentement autorise Estrategias de Marketing LE Paradise S.L. (AssitYou) \u00e0 me contacter par e-mail, t\u00e9l\u00e9phone ou SMS selon le cas.' aria-invalid='false' aria-required=\"false\"> <span>En cochant cette case, je confirme que mes coordonn\u00e9es sont exactes et je consens volontairement \u00e0 ce que Estrategias de Marketing LE Paradise S.L. (AssitYou) m\u2019envoie des informations sur ses services et produits. Je comprends que ce consentement autorise Estrategias de Marketing LE Paradise S.L. (AssitYou) \u00e0 me contacter par e-mail, t\u00e9l\u00e9phone ou SMS selon le cas.<\/span><\/label><\/div><\/div><\/div><div class='ff-el-group parraph2 ff_list_inline'><div class=\"ff-el-input--label asterisk-right\"><label   aria-label=\"Reconnaissance et accord :\">Reconnaissance et accord :<\/label><\/div><div class='ff-el-input--content'><div class='ff-el-form-check ff-el-form-check-'><label class='ff-el-form-check-label' for='checkbox_1_3afd8e28fd6d8b34c778811e76be26ce'><input  type=\"checkbox\" name=\"checkbox_1[]\" data-name=\"checkbox_1\" class=\"ff-el-form-check-input ff-el-form-check-checkbox\" value=\"By checking this box, I affirm that I was the one who contacted Estrategias de Marketing LE Paradise S.L. (AssitYou) and that I agree to the terms outlined in this Customer Initiation and Consent Agreement. I recognize that this agreement does not obligate me to purchase any services or products and that I may withdraw my consent to receive further communications at any time by providing written notice to Estrategias de Marketing LE Paradise S.L. (AssitYou).\"  id='checkbox_1_3afd8e28fd6d8b34c778811e76be26ce' aria-label='En cochant cette case, je confirme \u00eatre \u00e0 l\u2019origine du contact avec Estrategias de Marketing LE Paradise S.L. (AssitYou) et j\u2019accepte les conditions du pr\u00e9sent accord. Je reconnais que cet accord ne m\u2019oblige pas \u00e0 acheter des services ou produits et que je peux retirer mon consentement \u00e0 tout moment par notification \u00e9crite.' aria-invalid='false' aria-required=\"false\"> <span>En cochant cette case, je confirme \u00eatre \u00e0 l\u2019origine du contact avec Estrategias de Marketing LE Paradise S.L. (AssitYou) et j\u2019accepte les conditions du pr\u00e9sent accord. Je reconnais que cet accord ne m\u2019oblige pas \u00e0 acheter des services ou produits et que je peux retirer mon consentement \u00e0 tout moment par notification \u00e9crite.<\/span><\/label><\/div><\/div><\/div><div class='ff-el-group ff-text-center ff_submit_btn_wrapper ff_submit_btn_wrapper_custom'><button class=\"ff-btn ff-btn-submit ff-btn-md ff_btn_style wpf_has_custom_css\" type=\"submit\" name=\"custom_submit_button-4_2\" data-name=\"custom_submit_button-4_2\"  aria-label=\"Envoyer mes informations\">Envoyer mes informations<\/button><style>form.fluent_form_4 .wpf_has_custom_css.ff-btn-submit { background-color:rgba(47, 84, 150, 1);border-color:rgba(47, 84, 150, 1);color:#ffffff;border-radius:10px;min-width:10%; }form.fluent_form_4 .wpf_has_custom_css.ff-btn-submit:hover { background-color:rgba(47, 84, 150, 1);border-color:rgba(47, 84, 150, 1);color:rgba(255, 255, 255, 1);border-radius:10px;min-width:10%; } <\/style><\/div><\/fieldset><input type=\"hidden\" name=\"trp-form-language\" value=\"fr\"\/><\/form><div id='fluentform_4_errors' class='ff-errors-in-stack ff_form_instance_4_1 ff-form-loading_errors ff_form_instance_4_1_errors'><\/div><\/div>            <script type=\"text\/javascript\">\n                window.fluent_form_ff_form_instance_4_1 = {\"id\":\"4\",\"ajaxUrl\":\"https:\\\/\\\/assistyu.com\\\/wp-admin\\\/admin-ajax.php\",\"settings\":{\"layout\":{\"labelPlacement\":\"top\",\"asteriskPlacement\":\"asterisk-right\",\"helpMessagePlacement\":\"with_label\",\"errorMessagePlacement\":\"inline\",\"cssClassName\":\"\"},\"restrictions\":{\"denyEmptySubmission\":{\"enabled\":false}}},\"form_instance\":\"ff_form_instance_4_1\",\"form_id_selector\":\"fluentform_4\",\"rules\":{\"input_text\":{\"required\":{\"value\":true,\"message\":\"Ce champ est obligatoire\",\"global_message\":\"This field is required\",\"global\":true}},\"input_text_1\":{\"required\":{\"value\":true,\"message\":\"Ce champ est obligatoire\",\"global_message\":\"This field is required\",\"global\":true}},\"email\":{\"required\":{\"value\":true,\"message\":\"Ce champ est obligatoire\",\"global_message\":\"This field is required\",\"global\":true},\"email\":{\"value\":true,\"message\":\"Ce champ doit contenir un e-mail valide\",\"global_message\":\"This field must contain a valid email\",\"global\":true}},\"datetime\":{\"required\":{\"value\":true,\"message\":\"Ce champ est obligatoire\",\"global_message\":\"This field is required\",\"global\":true}},\"checkbox\":{\"required\":{\"value\":false,\"message\":\"Ce champ est obligatoire\",\"global_message\":\"This field is required\",\"global\":true}},\"checkbox_1\":{\"required\":{\"value\":false,\"message\":\"Ce champ est obligatoire\",\"global_message\":\"This field is required\",\"global\":true}}},\"debounce_time\":300};\n                            <\/script>\n                        <\/div>\n\n            \t\t\t\t<\/div>\n\t\t\t\t<\/div>\n\t\t\t\t<\/div>\n\t\t\t\t<\/div>\n\t\t\t\t<\/div>","protected":false},"excerpt":{"rendered":"<p>Customer Initiation and Consent Agreement Consent Full Name Phone NumberEmail AddressDate This document confirms that by submitting my contact information, I have initiated communication with Estrategias de Marketing LE Paradise S.L. (AssistYu) as of today. As a contact or potential customer, I acknowledge my proactive approach in seeking information about Estrategias de Marketing LE Paradise [&hellip;]<\/p>\n","protected":false},"author":1,"featured_media":0,"parent":0,"menu_order":0,"comment_status":"closed","ping_status":"closed","template":"elementor_header_footer","meta":{"inline_featured_image":false,"footnotes":""},"class_list":["post-2908","page","type-page","status-publish","hentry"],"_links":{"self":[{"href":"https:\/\/assistyu.com\/fr\/wp-json\/wp\/v2\/pages\/2908","targetHints":{"allow":["GET"]}}],"collection":[{"href":"https:\/\/assistyu.com\/fr\/wp-json\/wp\/v2\/pages"}],"about":[{"href":"https:\/\/assistyu.com\/fr\/wp-json\/wp\/v2\/types\/page"}],"author":[{"embeddable":true,"href":"https:\/\/assistyu.com\/fr\/wp-json\/wp\/v2\/users\/1"}],"replies":[{"embeddable":true,"href":"https:\/\/assistyu.com\/fr\/wp-json\/wp\/v2\/comments?post=2908"}],"version-history":[{"count":54,"href":"https:\/\/assistyu.com\/fr\/wp-json\/wp\/v2\/pages\/2908\/revisions"}],"predecessor-version":[{"id":4482,"href":"https:\/\/assistyu.com\/fr\/wp-json\/wp\/v2\/pages\/2908\/revisions\/4482"}],"wp:attachment":[{"href":"https:\/\/assistyu.com\/fr\/wp-json\/wp\/v2\/media?parent=2908"}],"curies":[{"name":"wp","href":"https:\/\/api.w.org\/{rel}","templated":true}]}}